{"id":11,"date":"2021-02-14T11:51:43","date_gmt":"2021-02-14T11:51:43","guid":{"rendered":"https:\/\/themes.hasthemes.com\/mexi\/?page_id=11"},"modified":"2025-12-05T11:16:46","modified_gmt":"2025-12-05T11:16:46","slug":"home","status":"publish","type":"page","link":"http:\/\/ylzotomotiv.com\/","title":{"rendered":"Ana Sayfa"},"content":{"rendered":"\t\t<div data-elementor-type=\"wp-page\" data-elementor-id=\"11\" class=\"elementor elementor-11\">\n\t\t\t\t\t\t\t<div class=\"elementor-element elementor-element-50109e6 e-flex e-con-boxed e-con e-parent\" data-id=\"50109e6\" data-element_type=\"container\" data-settings=\"{&quot;content_width&quot;:&quot;boxed&quot;}\" data-core-v316-plus=\"true\">\n\t\t\t\t\t<div class=\"e-con-inner\">\n\t\t\t\t<div class=\"elementor-element elementor-element-96bcbcd elementor-absolute elementor-widget elementor-widget-text-editor\" data-id=\"96bcbcd\" data-element_type=\"widget\" data-settings=\"{&quot;_position&quot;:&quot;absolute&quot;}\" data-widget_type=\"text-editor.default\">\n\t\t\t\t<div class=\"elementor-widget-container\">\n\t\t\t<style>\/*! elementor - v3.17.0 - 08-11-2023 *\/\n.elementor-widget-text-editor.elementor-drop-cap-view-stacked .elementor-drop-cap{background-color:#69727d;color:#fff}.elementor-widget-text-editor.elementor-drop-cap-view-framed .elementor-drop-cap{color:#69727d;border:3px solid;background-color:transparent}.elementor-widget-text-editor:not(.elementor-drop-cap-view-default) .elementor-drop-cap{margin-top:8px}.elementor-widget-text-editor:not(.elementor-drop-cap-view-default) .elementor-drop-cap-letter{width:1em;height:1em}.elementor-widget-text-editor .elementor-drop-cap{float:left;text-align:center;line-height:1;font-size:50px}.elementor-widget-text-editor .elementor-drop-cap-letter{display:inline-block}<\/style>\t\t\t\t<p><b><span style=\"font-size: 11.0pt; line-height: 115%; font-family: 'Cambria','serif'; mso-ascii-theme-font: major-latin; mso-fareast-font-family: Calibri; mso-fareast-theme-font: minor-latin; mso-hansi-theme-font: major-latin; mso-bidi-font-family: 'Times New Roman'; mso-bidi-theme-font: minor-bidi; mso-ansi-language: TR; mso-fareast-language: EN-US; mso-bidi-language: AR-SA;\">\u00a0 \u00a0Firmam\u0131z TSE taraf\u0131ndan verilen 12047 Belgesine sahip olup alan\u0131nda yetkin cihaz ve ekipman firmalar\u0131 ile hizmet vermektedir.<\/span><\/b><\/p>\t\t\t\t\t\t<\/div>\n\t\t\t\t<\/div>\n\t\t\t\t\t<\/div>\n\t\t\t\t<\/div>\n\t\t\t\t<section class=\"elementor-section elementor-top-section elementor-element elementor-element-22df9b30 elementor-section-height-min-height elementor-section-boxed elementor-section-height-default elementor-section-items-middle\" data-id=\"22df9b30\" data-element_type=\"section\" data-settings=\"{&quot;background_background&quot;:&quot;classic&quot;}\">\n\t\t\t\t\t\t<div class=\"elementor-container elementor-column-gap-no\">\n\t\t\t\t\t<div class=\"elementor-column elementor-col-100 elementor-top-column elementor-element elementor-element-e8158be\" data-id=\"e8158be\" data-element_type=\"column\">\n\t\t\t<div class=\"elementor-widget-wrap\">\n\t\t\t\t\t\t\t\t\t<\/div>\n\t\t<\/div>\n\t\t\t\t\t\t\t<\/div>\n\t\t<\/section>\n\t\t\t\t<section class=\"elementor-section elementor-top-section elementor-element elementor-element-a637c51 elementor-section-boxed elementor-section-height-default elementor-section-height-default\" data-id=\"a637c51\" data-element_type=\"section\" data-settings=\"{&quot;background_background&quot;:&quot;classic&quot;}\">\n\t\t\t\t\t\t<div class=\"elementor-container elementor-column-gap-default\">\n\t\t\t\t\t<div class=\"elementor-column elementor-col-100 elementor-top-column elementor-element elementor-element-67c8230e\" data-id=\"67c8230e\" data-element_type=\"column\">\n\t\t\t<div class=\"elementor-widget-wrap elementor-element-populated\">\n\t\t\t\t\t\t\t\t<div class=\"elementor-element elementor-element-7925615c animated-slow htmove-heading-start elementor-invisible elementor-widget elementor-widget-move-doul-color-heading\" data-id=\"7925615c\" data-element_type=\"widget\" data-settings=\"{&quot;_animation&quot;:&quot;fadeInUp&quot;}\" data-widget_type=\"move-doul-color-heading.default\">\n\t\t\t\t<div class=\"elementor-widget-container\">\n\t\t\t<div class=\"htmove-heading htmove-heading-center htmove-sub-heading-pos-\"><h2  class=\"htmove-heading-title\">Sizin \u0130\u00e7in <span class=\"htmove-heighlight-txt\">Hizmetlerimiz<\/span><\/h2><\/div>\t\t<\/div>\n\t\t\t\t<\/div>\n\t\t\t\t<section class=\"elementor-section elementor-inner-section elementor-element elementor-element-74ff01d1 elementor-section-full_width elementor-section-height-default elementor-section-height-default elementor-invisible\" data-id=\"74ff01d1\" data-element_type=\"section\" data-settings=\"{&quot;animation&quot;:&quot;fadeInUp&quot;}\">\n\t\t\t\t\t\t<div class=\"elementor-container elementor-column-gap-default\">\n\t\t\t\t\t<div class=\"elementor-column elementor-col-50 elementor-inner-column elementor-element elementor-element-413eea5f\" data-id=\"413eea5f\" data-element_type=\"column\">\n\t\t\t<div class=\"elementor-widget-wrap elementor-element-populated\">\n\t\t\t\t\t\t\t\t<div class=\"elementor-element elementor-element-67dee8d8 elementor-position-left elementor-view-default elementor-mobile-position-top elementor-vertical-align-top elementor-widget elementor-widget-icon-box\" data-id=\"67dee8d8\" data-element_type=\"widget\" data-widget_type=\"icon-box.default\">\n\t\t\t\t<div class=\"elementor-widget-container\">\n\t\t\t<link rel=\"stylesheet\" href=\"http:\/\/ylzotomotiv.com\/wp-content\/plugins\/elementor\/assets\/css\/widget-icon-box.min.css\">\t\t<div class=\"elementor-icon-box-wrapper\">\n\t\t\t\t\t\t<div class=\"elementor-icon-box-icon\">\n\t\t\t\t<span  class=\"elementor-icon elementor-animation-\">\n\t\t\t\t<i aria-hidden=\"true\" class=\"fas fa-random\"><\/i>\t\t\t\t<\/span>\n\t\t\t<\/div>\n\t\t\t\t\t\t<div class=\"elementor-icon-box-content\">\n\t\t\t\t<h3 class=\"elementor-icon-box-title\">\n\t\t\t\t\t<span  >\n\t\t\t\t\t\tPeriyodik Bak\u0131m\t\t\t\t\t<\/span>\n\t\t\t\t<\/h3>\n\t\t\t\t\t\t\t\t\t<p class=\"elementor-icon-box-description\">\n\t\t\t\t\t\tYA\u011e DE\u011e\u0130\u015e\u0130M\u0130 VE\nA\u011eIR BAKIMLAR \t\t\t\t\t<\/p>\n\t\t\t\t\t\t\t<\/div>\n\t\t<\/div>\n\t\t\t\t<\/div>\n\t\t\t\t<\/div>\n\t\t\t\t\t<\/div>\n\t\t<\/div>\n\t\t\t\t<div class=\"elementor-column elementor-col-50 elementor-inner-column elementor-element elementor-element-28ee55b2\" data-id=\"28ee55b2\" data-element_type=\"column\">\n\t\t\t<div class=\"elementor-widget-wrap elementor-element-populated\">\n\t\t\t\t\t\t\t\t<div class=\"elementor-element elementor-element-3a94c76c elementor-position-left elementor-view-default elementor-mobile-position-top elementor-vertical-align-top elementor-widget elementor-widget-icon-box\" data-id=\"3a94c76c\" data-element_type=\"widget\" data-widget_type=\"icon-box.default\">\n\t\t\t\t<div class=\"elementor-widget-container\">\n\t\t\t\t\t<div class=\"elementor-icon-box-wrapper\">\n\t\t\t\t\t\t<div class=\"elementor-icon-box-icon\">\n\t\t\t\t<span  class=\"elementor-icon elementor-animation-\">\n\t\t\t\t<i aria-hidden=\"true\" class=\"fas fa-wrench\"><\/i>\t\t\t\t<\/span>\n\t\t\t<\/div>\n\t\t\t\t\t\t<div class=\"elementor-icon-box-content\">\n\t\t\t\t<h3 class=\"elementor-icon-box-title\">\n\t\t\t\t\t<span  >\n\t\t\t\t\t\tMekanik\t\t\t\t\t<\/span>\n\t\t\t\t<\/h3>\n\t\t\t\t\t\t\t\t\t<p class=\"elementor-icon-box-description\">\n\t\t\t\t\t\tFREN S\u0130STEM\u0130, \u015eANZIMAN, S\u00dcSPANS\u0130YON, D\u0130REKS\u0130YON, EGZOZ, SO\u011eUTMA VE RADYAT\u00d6R S\u0130STEM\u0130, AK\u00dc, TR\u0130GER KAYI\u015eI, YA\u011e VE YA\u011e F\u0130LTRES\u0130, ELEKTR\u0130K-ELEKTRON\u0130K S\u0130STEM, YAKIT VE ATE\u015eLEME S\u0130STEM\u0130 G\u0130B\u0130 T\u00dcM MEKAN\u0130K AKSAM \u0130NCELEN\u0130R.\n\t\t\t\t\t<\/p>\n\t\t\t\t\t\t\t<\/div>\n\t\t<\/div>\n\t\t\t\t<\/div>\n\t\t\t\t<\/div>\n\t\t\t\t\t<\/div>\n\t\t<\/div>\n\t\t\t\t\t\t\t<\/div>\n\t\t<\/section>\n\t\t\t\t<section class=\"elementor-section elementor-inner-section elementor-element elementor-element-77f775a1 elementor-section-full_width elementor-section-height-default elementor-section-height-default elementor-invisible\" data-id=\"77f775a1\" data-element_type=\"section\" data-settings=\"{&quot;animation&quot;:&quot;fadeInUp&quot;}\">\n\t\t\t\t\t\t<div class=\"elementor-container elementor-column-gap-default\">\n\t\t\t\t\t<div class=\"elementor-column elementor-col-50 elementor-inner-column elementor-element elementor-element-6eedb8fe\" data-id=\"6eedb8fe\" data-element_type=\"column\">\n\t\t\t<div class=\"elementor-widget-wrap elementor-element-populated\">\n\t\t\t\t\t\t\t\t<div class=\"elementor-element elementor-element-42b22dc8 elementor-position-left elementor-view-default elementor-mobile-position-top elementor-vertical-align-top elementor-widget elementor-widget-icon-box\" data-id=\"42b22dc8\" data-element_type=\"widget\" data-widget_type=\"icon-box.default\">\n\t\t\t\t<div class=\"elementor-widget-container\">\n\t\t\t\t\t<div class=\"elementor-icon-box-wrapper\">\n\t\t\t\t\t\t<div class=\"elementor-icon-box-icon\">\n\t\t\t\t<span  class=\"elementor-icon elementor-animation-\">\n\t\t\t\t<i aria-hidden=\"true\" class=\"fab fa-audible\"><\/i>\t\t\t\t<\/span>\n\t\t\t<\/div>\n\t\t\t\t\t\t<div class=\"elementor-icon-box-content\">\n\t\t\t\t<h3 class=\"elementor-icon-box-title\">\n\t\t\t\t\t<span  >\n\t\t\t\t\t\tar\u0131za Tespit\t\t\t\t\t<\/span>\n\t\t\t\t<\/h3>\n\t\t\t\t\t\t\t\t\t<p class=\"elementor-icon-box-description\">\n\t\t\t\t\t\tBOSCH VE LAUNCH C\u0130HAZLARLAMIZLA ARIZA TESP\u0130T \t\t\t\t\t<\/p>\n\t\t\t\t\t\t\t<\/div>\n\t\t<\/div>\n\t\t\t\t<\/div>\n\t\t\t\t<\/div>\n\t\t\t\t\t<\/div>\n\t\t<\/div>\n\t\t\t\t<div class=\"elementor-column elementor-col-50 elementor-inner-column elementor-element elementor-element-43892ba4\" data-id=\"43892ba4\" data-element_type=\"column\">\n\t\t\t<div class=\"elementor-widget-wrap elementor-element-populated\">\n\t\t\t\t\t\t\t\t<div class=\"elementor-element elementor-element-7e172333 elementor-position-left elementor-view-default elementor-mobile-position-top elementor-vertical-align-top elementor-widget elementor-widget-icon-box\" data-id=\"7e172333\" data-element_type=\"widget\" data-widget_type=\"icon-box.default\">\n\t\t\t\t<div class=\"elementor-widget-container\">\n\t\t\t\t\t<div class=\"elementor-icon-box-wrapper\">\n\t\t\t\t\t\t<div class=\"elementor-icon-box-icon\">\n\t\t\t\t<span  class=\"elementor-icon elementor-animation-\">\n\t\t\t\t<i aria-hidden=\"true\" class=\"fas fa-ruler-combined\"><\/i>\t\t\t\t<\/span>\n\t\t\t<\/div>\n\t\t\t\t\t\t<div class=\"elementor-icon-box-content\">\n\t\t\t\t<h3 class=\"elementor-icon-box-title\">\n\t\t\t\t\t<span  >\n\t\t\t\t\t\tKaporta\t\t\t\t\t<\/span>\n\t\t\t\t<\/h3>\n\t\t\t\t\t\t\t\t\t<p class=\"elementor-icon-box-description\">\n\t\t\t\t\t\tARACIN DI\u015e Y\u00dcZEY\u0130N\u0130N HASAR G\u00d6RM\u00dc\u015e, \u00c7\u0130Z\u0130KLERLE DOLU VEYA ESK\u0130 VE SOLMU\u015e BOYA TABAKASINI YEN\u0130LEMEK VEYA KAPORTA KUSURLARINI G\u0130DERMEK AMACIYLA YAPILAN \u0130\u015eLEMLER\t\t\t\t\t<\/p>\n\t\t\t\t\t\t\t<\/div>\n\t\t<\/div>\n\t\t\t\t<\/div>\n\t\t\t\t<\/div>\n\t\t\t\t\t<\/div>\n\t\t<\/div>\n\t\t\t\t\t\t\t<\/div>\n\t\t<\/section>\n\t\t\t\t<section class=\"elementor-section elementor-inner-section elementor-element elementor-element-5c18ce40 elementor-section-full_width elementor-section-height-default elementor-section-height-default elementor-invisible\" data-id=\"5c18ce40\" data-element_type=\"section\" data-settings=\"{&quot;animation&quot;:&quot;fadeInUp&quot;}\">\n\t\t\t\t\t\t<div class=\"elementor-container elementor-column-gap-default\">\n\t\t\t\t\t<div class=\"elementor-column elementor-col-50 elementor-inner-column elementor-element elementor-element-38eb6587\" data-id=\"38eb6587\" data-element_type=\"column\">\n\t\t\t<div class=\"elementor-widget-wrap elementor-element-populated\">\n\t\t\t\t\t\t\t\t<div class=\"elementor-element elementor-element-77790f7d elementor-position-left elementor-view-default elementor-mobile-position-top elementor-vertical-align-top elementor-widget elementor-widget-icon-box\" data-id=\"77790f7d\" data-element_type=\"widget\" data-widget_type=\"icon-box.default\">\n\t\t\t\t<div class=\"elementor-widget-container\">\n\t\t\t\t\t<div class=\"elementor-icon-box-wrapper\">\n\t\t\t\t\t\t<div class=\"elementor-icon-box-icon\">\n\t\t\t\t<span  class=\"elementor-icon elementor-animation-\">\n\t\t\t\t<i aria-hidden=\"true\" class=\"fas fa-paint-brush\"><\/i>\t\t\t\t<\/span>\n\t\t\t<\/div>\n\t\t\t\t\t\t<div class=\"elementor-icon-box-content\">\n\t\t\t\t<h3 class=\"elementor-icon-box-title\">\n\t\t\t\t\t<span  >\n\t\t\t\t\t\tBoya\t\t\t\t\t<\/span>\n\t\t\t\t<\/h3>\n\t\t\t\t\t\t\t\t\t<p class=\"elementor-icon-box-description\">\n\t\t\t\t\t\tOTO BOYA H\u0130ZMET\u0130, KAPORTADA MEYDANA GELEN G\u00d6\u00c7\u00dcK, \u00c7\u0130Z\u0130K VE RENK UYUMSUZLU\u011eU G\u0130B\u0130 DEFORMASYONLARI ORTADAN KALDIRMAK \u0130\u00c7\u0130N UYGULANAN B\u0130R \u0130\u015eLEM.\t\t\t\t\t<\/p>\n\t\t\t\t\t\t\t<\/div>\n\t\t<\/div>\n\t\t\t\t<\/div>\n\t\t\t\t<\/div>\n\t\t\t\t\t<\/div>\n\t\t<\/div>\n\t\t\t\t<div class=\"elementor-column elementor-col-50 elementor-inner-column elementor-element elementor-element-5872373d\" data-id=\"5872373d\" data-element_type=\"column\">\n\t\t\t<div class=\"elementor-widget-wrap elementor-element-populated\">\n\t\t\t\t\t\t\t\t<div class=\"elementor-element elementor-element-89f06a5 elementor-position-left elementor-widget__width-initial elementor-view-default elementor-mobile-position-top elementor-vertical-align-top elementor-widget elementor-widget-icon-box\" data-id=\"89f06a5\" data-element_type=\"widget\" data-widget_type=\"icon-box.default\">\n\t\t\t\t<div class=\"elementor-widget-container\">\n\t\t\t\t\t<div class=\"elementor-icon-box-wrapper\">\n\t\t\t\t\t\t<div class=\"elementor-icon-box-icon\">\n\t\t\t\t<span  class=\"elementor-icon elementor-animation-\">\n\t\t\t\t<i aria-hidden=\"true\" class=\"fas fa-sticky-note\"><\/i>\t\t\t\t<\/span>\n\t\t\t<\/div>\n\t\t\t\t\t\t<div class=\"elementor-icon-box-content\">\n\t\t\t\t<h3 class=\"elementor-icon-box-title\">\n\t\t\t\t\t<span  >\n\t\t\t\t\t\tSigorta\t\t\t\t\t<\/span>\n\t\t\t\t<\/h3>\n\t\t\t\t\t\t\t\t\t<p class=\"elementor-icon-box-description\">\n\t\t\t\t\t\t\n\u2022ZORUNLU TRAF\u0130K S\u0130GORTASI\n\u2022KASKO S\u0130GORTASI\n\u2022TAMAMLAYICI SA\u011eLIK S\u0130GORTASI\n\u2022\u00d6ZEL SA\u011eLIK S\u0130GORTASI\n\u2022DASK ZORUNLU DEPREM S\u0130GORTASI\n\u2022EV\u0130M G\u00dcVENDE S\u0130GORTASI\n\u2022EVC\u0130L HAYVAN S\u0130GORTASI\n\u2022CEP TELEFONU S\u0130GORTASI\n\t\t\t\t\t<\/p>\n\t\t\t\t\t\t\t<\/div>\n\t\t<\/div>\n\t\t\t\t<\/div>\n\t\t\t\t<\/div>\n\t\t\t\t\t<\/div>\n\t\t<\/div>\n\t\t\t\t\t\t\t<\/div>\n\t\t<\/section>\n\t\t\t\t\t<\/div>\n\t\t<\/div>\n\t\t\t\t\t\t\t<\/div>\n\t\t<\/section>\n\t\t\t\t<section class=\"elementor-section elementor-top-section elementor-element elementor-element-23794e3a elementor-section-boxed elementor-section-height-default elementor-section-height-default\" data-id=\"23794e3a\" data-element_type=\"section\" data-settings=\"{&quot;background_background&quot;:&quot;classic&quot;}\">\n\t\t\t\t\t\t<div class=\"elementor-container elementor-column-gap-default\">\n\t\t\t\t\t<div class=\"elementor-column elementor-col-100 elementor-top-column elementor-element elementor-element-2ce01725\" data-id=\"2ce01725\" data-element_type=\"column\">\n\t\t\t<div class=\"elementor-widget-wrap elementor-element-populated\">\n\t\t\t\t\t\t\t\t<div class=\"elementor-element elementor-element-3b55c217 animated-slow htmove-heading-center elementor-invisible elementor-widget elementor-widget-move-doul-color-heading\" data-id=\"3b55c217\" data-element_type=\"widget\" data-settings=\"{&quot;_animation&quot;:&quot;fadeIn&quot;}\" data-widget_type=\"move-doul-color-heading.default\">\n\t\t\t\t<div class=\"elementor-widget-container\">\n\t\t\t<div class=\"htmove-heading htmove-heading-center htmove-sub-heading-pos-\"><h2  class=\"htmove-heading-title\">'' <span class=\"htmove-heighlight-txt\">HASAR B\u0130R\u0130M\u0130 ANLA\u015eMALI S\u0130GORTA \u015e\u0130RKETLER\u0130<\/span><\/h2><\/div>\t\t<\/div>\n\t\t\t\t<\/div>\n\t\t\t\t<div class=\"elementor-element elementor-element-2b88f004 elementor-widget elementor-widget-move-brand\" data-id=\"2b88f004\" data-element_type=\"widget\" data-widget_type=\"move-brand.default\">\n\t\t\t\t<div class=\"elementor-widget-container\">\n\t\t\t<div class=\"htmove-brand-area\"><div class=\"htmove-swiper-slider swiper-container\" data-settings=\"{&quot;slideitem&quot;:{&quot;item&quot;:5,&quot;desktop&quot;:5,&quot;tablet&quot;:4,&quot;small_mobile&quot;:2,&quot;large_mobile&quot;:2,&quot;landscape_mobile&quot;:3},&quot;speed&quot;:300,&quot;spacebetween&quot;:30,&quot;loop&quot;:true,&quot;autoplay&quot;:false,&quot;autoplay_delay&quot;:0,&quot;effect&quot;:&quot;slide&quot;,&quot;navigation&quot;:false,&quot;pagination&quot;:false,&quot;uniqid&quot;:&quot;2b88f004&quot;,&quot;style&quot;:&quot;one&quot;}\"><div class=\"swiper-wrapper\"><div class=\"swiper-slide\"><div class=\"htmove-brand\"><img fetchpriority=\"high\" width=\"619\" height=\"177\" src=\"http:\/\/ylzotomotiv.com\/wp-content\/uploads\/2023\/11\/axaa.png\" class=\"attachment-full size-full\" alt=\"\" decoding=\"async\" srcset=\"http:\/\/ylzotomotiv.com\/wp-content\/uploads\/2023\/11\/axaa.png 619w, http:\/\/ylzotomotiv.com\/wp-content\/uploads\/2023\/11\/axaa-300x86.png 300w\" sizes=\"(max-width: 619px) 100vw, 619px\" \/><\/div><\/div><div class=\"swiper-slide\"><div class=\"htmove-brand\"><img width=\"648\" height=\"192\" src=\"http:\/\/ylzotomotiv.com\/wp-content\/uploads\/2025\/12\/Ekran-Goruntusu-580-e1764933260290.png\" class=\"attachment-full size-full\" alt=\"\" decoding=\"async\" srcset=\"http:\/\/ylzotomotiv.com\/wp-content\/uploads\/2025\/12\/Ekran-Goruntusu-580-e1764933260290.png 648w, http:\/\/ylzotomotiv.com\/wp-content\/uploads\/2025\/12\/Ekran-Goruntusu-580-e1764933260290-300x89.png 300w\" sizes=\"(max-width: 648px) 100vw, 648px\" \/><\/div><\/div><div class=\"swiper-slide\"><div class=\"htmove-brand\"><img width=\"300\" height=\"174\" src=\"http:\/\/ylzotomotiv.com\/wp-content\/uploads\/2023\/11\/hdi-sigorta-300x174-1.png\" class=\"attachment-full size-full\" alt=\"\" decoding=\"async\" \/><\/div><\/div><div class=\"swiper-slide\"><div class=\"htmove-brand\"><img loading=\"lazy\" width=\"1284\" height=\"492\" src=\"http:\/\/ylzotomotiv.com\/wp-content\/uploads\/2023\/11\/neova.png\" class=\"attachment-full size-full\" alt=\"\" decoding=\"async\" srcset=\"http:\/\/ylzotomotiv.com\/wp-content\/uploads\/2023\/11\/neova.png 1284w, http:\/\/ylzotomotiv.com\/wp-content\/uploads\/2023\/11\/neova-300x115.png 300w, http:\/\/ylzotomotiv.com\/wp-content\/uploads\/2023\/11\/neova-1024x392.png 1024w, http:\/\/ylzotomotiv.com\/wp-content\/uploads\/2023\/11\/neova-768x294.png 768w\" sizes=\"(max-width: 1284px) 100vw, 1284px\" \/><\/div><\/div><div class=\"swiper-slide\"><div class=\"htmove-brand\"><img loading=\"lazy\" width=\"436\" height=\"147\" src=\"http:\/\/ylzotomotiv.com\/wp-content\/uploads\/2023\/11\/ray_sigorta.png\" class=\"attachment-full size-full\" alt=\"\" decoding=\"async\" srcset=\"http:\/\/ylzotomotiv.com\/wp-content\/uploads\/2023\/11\/ray_sigorta.png 436w, http:\/\/ylzotomotiv.com\/wp-content\/uploads\/2023\/11\/ray_sigorta-300x101.png 300w\" sizes=\"(max-width: 436px) 100vw, 436px\" \/><\/div><\/div><div class=\"swiper-slide\"><div class=\"htmove-brand\"><img loading=\"lazy\" width=\"412\" height=\"120\" src=\"http:\/\/ylzotomotiv.com\/wp-content\/uploads\/2025\/12\/Ekran-Goruntusu-577-e1764932467807.png\" class=\"attachment-full size-full\" alt=\"\" decoding=\"async\" srcset=\"http:\/\/ylzotomotiv.com\/wp-content\/uploads\/2025\/12\/Ekran-Goruntusu-577-e1764932467807.png 412w, http:\/\/ylzotomotiv.com\/wp-content\/uploads\/2025\/12\/Ekran-Goruntusu-577-e1764932467807-300x87.png 300w\" sizes=\"(max-width: 412px) 100vw, 412px\" \/><\/div><\/div><div class=\"swiper-slide\"><div class=\"htmove-brand\"><img loading=\"lazy\" width=\"1032\" height=\"170\" src=\"http:\/\/ylzotomotiv.com\/wp-content\/uploads\/2025\/12\/Ekran-Goruntusu-576-e1764932386189.png\" class=\"attachment-full size-full\" alt=\"\" decoding=\"async\" srcset=\"http:\/\/ylzotomotiv.com\/wp-content\/uploads\/2025\/12\/Ekran-Goruntusu-576-e1764932386189.png 1032w, http:\/\/ylzotomotiv.com\/wp-content\/uploads\/2025\/12\/Ekran-Goruntusu-576-e1764932386189-300x49.png 300w, http:\/\/ylzotomotiv.com\/wp-content\/uploads\/2025\/12\/Ekran-Goruntusu-576-e1764932386189-1024x169.png 1024w, http:\/\/ylzotomotiv.com\/wp-content\/uploads\/2025\/12\/Ekran-Goruntusu-576-e1764932386189-768x127.png 768w\" sizes=\"(max-width: 1032px) 100vw, 1032px\" \/><\/div><\/div><div class=\"swiper-slide\"><div class=\"htmove-brand\"><img loading=\"lazy\" width=\"662\" height=\"201\" src=\"http:\/\/ylzotomotiv.com\/wp-content\/uploads\/2025\/12\/Ekran-Goruntusu-578-e1764932627183.png\" class=\"attachment-full size-full\" alt=\"\" decoding=\"async\" srcset=\"http:\/\/ylzotomotiv.com\/wp-content\/uploads\/2025\/12\/Ekran-Goruntusu-578-e1764932627183.png 662w, http:\/\/ylzotomotiv.com\/wp-content\/uploads\/2025\/12\/Ekran-Goruntusu-578-e1764932627183-300x91.png 300w\" sizes=\"(max-width: 662px) 100vw, 662px\" \/><\/div><\/div><div class=\"swiper-slide\"><div class=\"htmove-brand\"><img loading=\"lazy\" width=\"494\" height=\"168\" src=\"http:\/\/ylzotomotiv.com\/wp-content\/uploads\/2025\/12\/Ekran-Goruntusu-579-e1764933050989.png\" class=\"attachment-full size-full\" alt=\"\" decoding=\"async\" srcset=\"http:\/\/ylzotomotiv.com\/wp-content\/uploads\/2025\/12\/Ekran-Goruntusu-579-e1764933050989.png 494w, http:\/\/ylzotomotiv.com\/wp-content\/uploads\/2025\/12\/Ekran-Goruntusu-579-e1764933050989-300x102.png 300w\" sizes=\"(max-width: 494px) 100vw, 494px\" \/><\/div><\/div><div class=\"swiper-slide\"><div class=\"htmove-brand\"><img loading=\"lazy\" width=\"302\" height=\"105\" src=\"http:\/\/ylzotomotiv.com\/wp-content\/uploads\/2025\/12\/Ekran-Goruntusu-581-e1764933343836.png\" class=\"attachment-full size-full\" alt=\"\" decoding=\"async\" srcset=\"http:\/\/ylzotomotiv.com\/wp-content\/uploads\/2025\/12\/Ekran-Goruntusu-581-e1764933343836.png 302w, http:\/\/ylzotomotiv.com\/wp-content\/uploads\/2025\/12\/Ekran-Goruntusu-581-e1764933343836-300x104.png 300w\" sizes=\"(max-width: 302px) 100vw, 302px\" \/><\/div><\/div><\/div><\/div><\/div>\t\t<\/div>\n\t\t\t\t<\/div>\n\t\t\t\t\t<\/div>\n\t\t<\/div>\n\t\t\t\t\t\t\t<\/div>\n\t\t<\/section>\n\t\t<div class=\"elementor-element elementor-element-9c763e6 e-flex e-con-boxed e-con e-parent\" data-id=\"9c763e6\" data-element_type=\"container\" data-settings=\"{&quot;content_width&quot;:&quot;boxed&quot;}\" data-core-v316-plus=\"true\">\n\t\t\t\t\t<div class=\"e-con-inner\">\n\t\t\t\t\t<\/div>\n\t\t\t\t<\/div>\n\t\t\t\t\t\t\t<\/div>\n\t\t","protected":false},"excerpt":{"rendered":"<p>\u00a0 \u00a0Firmam\u0131z TSE taraf\u0131ndan verilen 12047 Belgesine sahip olup alan\u0131nda yetkin cihaz ve ekipman firmalar\u0131 ile hizmet vermektedir. Sizin \u0130\u00e7in Hizmetlerimiz Periyodik Bak\u0131m YA\u011e DE\u011e\u0130\u015e\u0130M\u0130 VE A\u011eIR BAKIMLAR Mekanik FREN S\u0130STEM\u0130, \u015eANZIMAN, S\u00dcSPANS\u0130YON, D\u0130REKS\u0130YON, EGZOZ, SO\u011eUTMA VE RADYAT\u00d6R S\u0130STEM\u0130, AK\u00dc, TR\u0130GER KAYI\u015eI, YA\u011e VE YA\u011e F\u0130LTRES\u0130, ELEKTR\u0130K-ELEKTRON\u0130K S\u0130STEM, YAKIT VE ATE\u015eLEME S\u0130STEM\u0130 G\u0130B\u0130 T\u00dcM MEKAN\u0130K [&hellip;]<\/p>\n","protected":false},"author":1,"featured_media":0,"parent":0,"menu_order":0,"comment_status":"closed","ping_status":"closed","template":"elementor_header_footer","meta":[],"_links":{"self":[{"href":"http:\/\/ylzotomotiv.com\/index.php?rest_route=\/wp\/v2\/pages\/11"}],"collection":[{"href":"http:\/\/ylzotomotiv.com\/index.php?rest_route=\/wp\/v2\/pages"}],"about":[{"href":"http:\/\/ylzotomotiv.com\/index.php?rest_route=\/wp\/v2\/types\/page"}],"author":[{"embeddable":true,"href":"http:\/\/ylzotomotiv.com\/index.php?rest_route=\/wp\/v2\/users\/1"}],"replies":[{"embeddable":true,"href":"http:\/\/ylzotomotiv.com\/index.php?rest_route=%2Fwp%2Fv2%2Fcomments&post=11"}],"version-history":[{"count":50,"href":"http:\/\/ylzotomotiv.com\/index.php?rest_route=\/wp\/v2\/pages\/11\/revisions"}],"predecessor-version":[{"id":415,"href":"http:\/\/ylzotomotiv.com\/index.php?rest_route=\/wp\/v2\/pages\/11\/revisions\/415"}],"wp:attachment":[{"href":"http:\/\/ylzotomotiv.com\/index.php?rest_route=%2Fwp%2Fv2%2Fmedia&parent=11"}],"curies":[{"name":"wp","href":"https:\/\/api.w.org\/{rel}","templated":true}]}}