{"id":32,"date":"2021-02-14T12:01:55","date_gmt":"2021-02-14T12:01:55","guid":{"rendered":"https:\/\/themes.hasthemes.com\/mexi\/?page_id=32"},"modified":"2025-12-04T14:13:03","modified_gmt":"2025-12-04T14:13:03","slug":"about","status":"publish","type":"page","link":"http:\/\/ylzotomotiv.com\/?page_id=32","title":{"rendered":"Hakk\u0131m\u0131zda"},"content":{"rendered":"\t\t<div data-elementor-type=\"wp-page\" data-elementor-id=\"32\" class=\"elementor elementor-32\">\n\t\t\t\t\t\t\t\t\t<section class=\"elementor-section elementor-top-section elementor-element elementor-element-41306526 elementor-section-boxed elementor-section-height-default elementor-section-height-default\" data-id=\"41306526\" data-element_type=\"section\">\n\t\t\t\t\t\t<div class=\"elementor-container elementor-column-gap-no\">\n\t\t\t\t\t<div class=\"elementor-column elementor-col-100 elementor-top-column elementor-element elementor-element-2326188\" data-id=\"2326188\" data-element_type=\"column\">\n\t\t\t<div class=\"elementor-widget-wrap elementor-element-populated\">\n\t\t\t\t\t\t\t\t<div class=\"elementor-element elementor-element-49a3500f htmove-heading-start elementor-widget__width-initial elementor-widget elementor-widget-move-heading\" data-id=\"49a3500f\" data-element_type=\"widget\" data-widget_type=\"move-heading.default\">\n\t\t\t\t<div class=\"elementor-widget-container\">\n\t\t\t<div class=\"htmove-heading htmove-heading-center htmove-sub-heading-pos-top\"><span  class=\"htmove-heading-sub-title\">HAKKIMIZDA<\/span><h2  class=\"htmove-heading-title\">  1985 Y\u0131l\u0131nda sadece mekanik k\u0131s\u0131m hizmetleri ile Y\u0131lmazlar Otomotiv olarak kurulan firmam\u0131z daha sonra kaporta boya hizmeti vermeye ba\u015flam\u0131\u015ft\u0131r. \n G\u00fcnden g\u00fcne verdi\u011fi hizmetler ve faaliyetleri i\u00e7in  bulundu\u011fu alan yetersiz hale gelen firmam\u0131z  sanayi d\u0131\u015f\u0131nda daha b\u00fcy\u00fck bir binaya ta\u015f\u0131nmaya karar vermi\u015ftir. \n  2008 Y\u0131l\u0131nda \u00c7evre ve \u015eehircilik Bakanl\u0131\u011f\u0131 ile anla\u015fma yapan firmam\u0131z egzoz testi hizmetini de bulundu\u011fu b\u00f6lgeye ta\u015f\u0131m\u0131\u015ft\u0131r.\nTENAX  Markas\u0131n\u0131n da Yetkili Servisi olan firmam\u0131z m\u00fc\u015fterilerine daha iyi hizmet verebilmek ve hedefleri do\u011frultusunda Y.L.Z. OTOMOT\u0130V SAN. T\u0130C.LTD. \u015eT\u0130. olarak faaliyetlerine devam etmektedir.\n   Firmam\u0131z TSE taraf\u0131ndan verilen 12047 Belgesine sahip olup alan\u0131nda yetkin cihaz ve ekipman firmalar\u0131 ile hizmet vermektedir.\n   2016 Y\u0131l\u0131nda faaliyet alan\u0131n\u0131 geni\u015fletmek i\u00e7in daha modern tesislerini in\u015fa etmeye karar veren firmam\u0131z 2017 Y\u0131l\u0131nda in\u015faat\u0131n\u0131 tamamlad\u0131\u011f\u0131 3 Bin metrekarelik binas\u0131na ta\u015f\u0131nm\u0131\u015ft\u0131r.\nFirmam\u0131z KAPORTA BOYA ,MEKAN\u0130K, ELEKT\u0130R\u0130K ,OTO YIKAMA, PASTA C\u0130LA ,ARIZA TESP\u0130T ve EGZOZ TEST\u0130 hizmetlerini vermekte, son teknolojiye ayak uydurmakla beraber her ge\u00e7en g\u00fcn yenilenen cihazlar\u0131m\u0131zla m\u00fc\u015fteri odakl\u0131 ilerlemekte ve geli\u015fmektedir. \n  T\u00fcrkiye'nin Otomobili Giri\u015fim Grubu  k\u0131saca yerli otomobilimiz Togg\u2019un ve di\u011fer elektirikli ara\u00e7 gruplar\u0131n\u0131n  Ya\u011f de\u011fi\u015fimine ihtiya\u00e7 duymamalar\u0131, geleneksel motorlara \u00f6zg\u00fc \u00e7e\u015fitli bak\u0131m maliyetlerini ortadan kald\u0131rmalar\u0131 ve eskiyecek daha az par\u00e7aya sahip olmalar\u0131 sebebiyle bu ara\u00e7lar i\u00e7in \u00f6zel e\u011fitiminide personellerimize ald\u0131rm\u0131\u015f bulunmaktad\u0131r\n    \nKuruldu\u011fundan beri b\u00fcy\u00fcyen firmam\u0131z sizlere daha iyi hizmet verebilmek i\u00e7in \u00e7al\u0131\u015fmaya devam etmektedir.\n\n<\/h2><\/div>\t\t<\/div>\n\t\t\t\t<\/div>\n\t\t\t\t\t<\/div>\n\t\t<\/div>\n\t\t\t\t\t\t\t<\/div>\n\t\t<\/section>\n\t\t<div class=\"elementor-element elementor-element-c20c114 e-flex e-con-boxed e-con e-parent\" data-id=\"c20c114\" data-element_type=\"container\" data-settings=\"{&quot;content_width&quot;:&quot;boxed&quot;}\" data-core-v316-plus=\"true\">\n\t\t\t\t\t<div class=\"e-con-inner\">\n\t\t\t\t<div class=\"elementor-element elementor-element-f778c57 elementor-widget elementor-widget-heading\" data-id=\"f778c57\" data-element_type=\"widget\" data-widget_type=\"heading.default\">\n\t\t\t\t<div class=\"elementor-widget-container\">\n\t\t\t<style>\/*! elementor - v3.17.0 - 08-11-2023 *\/\n.elementor-heading-title{padding:0;margin:0;line-height:1}.elementor-widget-heading .elementor-heading-title[class*=elementor-size-]>a{color:inherit;font-size:inherit;line-height:inherit}.elementor-widget-heading .elementor-heading-title.elementor-size-small{font-size:15px}.elementor-widget-heading .elementor-heading-title.elementor-size-medium{font-size:19px}.elementor-widget-heading .elementor-heading-title.elementor-size-large{font-size:29px}.elementor-widget-heading .elementor-heading-title.elementor-size-xl{font-size:39px}.elementor-widget-heading .elementor-heading-title.elementor-size-xxl{font-size:59px}<\/style><h2 class=\"elementor-heading-title elementor-size-default\">BELGELER\u0130M\u0130Z<\/h2>\t\t<\/div>\n\t\t\t\t<\/div>\n\t\t\t\t\t<\/div>\n\t\t\t\t<\/div>\n\t\t<div class=\"elementor-element elementor-element-8cf849f e-flex e-con-boxed e-con e-parent\" data-id=\"8cf849f\" data-element_type=\"container\" data-settings=\"{&quot;content_width&quot;:&quot;boxed&quot;}\" data-core-v316-plus=\"true\">\n\t\t\t\t\t<div class=\"e-con-inner\">\n\t\t\t\t\t<\/div>\n\t\t\t\t<\/div>\n\t\t<div class=\"elementor-element elementor-element-3d95785 e-flex e-con-boxed e-con e-parent\" data-id=\"3d95785\" data-element_type=\"container\" data-settings=\"{&quot;content_width&quot;:&quot;boxed&quot;}\" data-core-v316-plus=\"true\">\n\t\t\t\t\t<div class=\"e-con-inner\">\n\t\t\t\t<div class=\"elementor-element elementor-element-5aaf392 elementor-arrows-position-inside elementor-pagination-position-outside elementor-widget elementor-widget-image-carousel\" data-id=\"5aaf392\" data-element_type=\"widget\" data-settings=\"{&quot;slides_to_show&quot;:&quot;3&quot;,&quot;navigation&quot;:&quot;both&quot;,&quot;autoplay&quot;:&quot;yes&quot;,&quot;pause_on_hover&quot;:&quot;yes&quot;,&quot;pause_on_interaction&quot;:&quot;yes&quot;,&quot;autoplay_speed&quot;:5000,&quot;infinite&quot;:&quot;yes&quot;,&quot;speed&quot;:500}\" data-widget_type=\"image-carousel.default\">\n\t\t\t\t<div class=\"elementor-widget-container\">\n\t\t\t<style>\/*! elementor - v3.17.0 - 08-11-2023 *\/\n.elementor-widget-image-carousel .swiper,.elementor-widget-image-carousel .swiper-container{position:static}.elementor-widget-image-carousel .swiper-container .swiper-slide figure,.elementor-widget-image-carousel .swiper .swiper-slide figure{line-height:inherit}.elementor-widget-image-carousel .swiper-slide{text-align:center}.elementor-image-carousel-wrapper:not(.swiper-container-initialized):not(.swiper-initialized) .swiper-slide{max-width:calc(100% \/ var(--e-image-carousel-slides-to-show, 3))}<\/style>\t\t<div class=\"elementor-image-carousel-wrapper swiper\" dir=\"ltr\">\n\t\t\t<div class=\"elementor-image-carousel swiper-wrapper\" aria-live=\"off\">\n\t\t\t\t\t\t\t\t<div class=\"swiper-slide\" role=\"group\" aria-roledescription=\"slide\" aria-label=\"1 \/ 7\"><figure class=\"swiper-slide-inner\"><img decoding=\"async\" class=\"swiper-slide-image\" src=\"http:\/\/ylzotomotiv.com\/wp-content\/uploads\/2025\/12\/TSE-BELGESI-2024-212x300.jpg\" alt=\"TSE BELGES\u0130 2024\" \/><\/figure><\/div><div class=\"swiper-slide\" role=\"group\" aria-roledescription=\"slide\" aria-label=\"2 \/ 7\"><figure class=\"swiper-slide-inner\"><img decoding=\"async\" class=\"swiper-slide-image\" src=\"http:\/\/ylzotomotiv.com\/wp-content\/uploads\/2025\/12\/img20251204_09230111-300x212.jpg\" alt=\"img20251204_09230111\" \/><\/figure><\/div><div class=\"swiper-slide\" role=\"group\" aria-roledescription=\"slide\" aria-label=\"3 \/ 7\"><figure class=\"swiper-slide-inner\"><img decoding=\"async\" class=\"swiper-slide-image\" src=\"http:\/\/ylzotomotiv.com\/wp-content\/uploads\/2023\/11\/59410d8f29a7c-300x219.jpg\" alt=\"59410d8f29a7c\" \/><\/figure><\/div><div class=\"swiper-slide\" role=\"group\" aria-roledescription=\"slide\" aria-label=\"4 \/ 7\"><figure class=\"swiper-slide-inner\"><img decoding=\"async\" class=\"swiper-slide-image\" src=\"http:\/\/ylzotomotiv.com\/wp-content\/uploads\/2023\/11\/59410d9b24b21_600_600-300x300.jpg\" alt=\"59410d9b24b21_600_600\" \/><\/figure><\/div><div class=\"swiper-slide\" role=\"group\" aria-roledescription=\"slide\" aria-label=\"5 \/ 7\"><figure class=\"swiper-slide-inner\"><img decoding=\"async\" class=\"swiper-slide-image\" src=\"http:\/\/ylzotomotiv.com\/wp-content\/uploads\/2023\/11\/59410d82db929-219x300.jpg\" alt=\"59410d82db929\" \/><\/figure><\/div><div class=\"swiper-slide\" role=\"group\" aria-roledescription=\"slide\" aria-label=\"6 \/ 7\"><figure class=\"swiper-slide-inner\"><img decoding=\"async\" class=\"swiper-slide-image\" src=\"http:\/\/ylzotomotiv.com\/wp-content\/uploads\/2023\/11\/59410d83cdfb9_400_400-300x300.jpg\" alt=\"59410d83cdfb9_400_400\" \/><\/figure><\/div><div class=\"swiper-slide\" role=\"group\" aria-roledescription=\"slide\" aria-label=\"7 \/ 7\"><figure class=\"swiper-slide-inner\"><img decoding=\"async\" class=\"swiper-slide-image\" src=\"http:\/\/ylzotomotiv.com\/wp-content\/uploads\/2023\/11\/59410d83cdfb9_600_600-300x300.jpg\" alt=\"59410d83cdfb9_600_600\" \/><\/figure><\/div>\t\t\t<\/div>\n\t\t\t\t\t\t\t\t\t\t\t\t<div class=\"elementor-swiper-button elementor-swiper-button-prev\" role=\"button\" tabindex=\"0\">\n\t\t\t\t\t\t<i aria-hidden=\"true\" class=\"eicon-chevron-left\"><\/i>\t\t\t\t\t<\/div>\n\t\t\t\t\t<div class=\"elementor-swiper-button elementor-swiper-button-next\" role=\"button\" tabindex=\"0\">\n\t\t\t\t\t\t<i aria-hidden=\"true\" class=\"eicon-chevron-right\"><\/i>\t\t\t\t\t<\/div>\n\t\t\t\t\n\t\t\t\t\t\t\t\t\t<div class=\"swiper-pagination\"><\/div>\n\t\t\t\t\t\t\t\t\t<\/div>\n\t\t\t\t<\/div>\n\t\t\t\t<\/div>\n\t\t\t\t\t<\/div>\n\t\t\t\t<\/div>\n\t\t<div class=\"elementor-element elementor-element-d866782 e-flex e-con-boxed e-con e-parent\" data-id=\"d866782\" data-element_type=\"container\" data-settings=\"{&quot;content_width&quot;:&quot;boxed&quot;}\" data-core-v316-plus=\"true\">\n\t\t\t\t\t<div class=\"e-con-inner\">\n\t\t\t\t\t<\/div>\n\t\t\t\t<\/div>\n\t\t\t\t<section class=\"elementor-section elementor-top-section elementor-element elementor-element-1e6f194b elementor-section-boxed elementor-section-height-default elementor-section-height-default\" data-id=\"1e6f194b\" data-element_type=\"section\">\n\t\t\t\t\t\t<div class=\"elementor-container elementor-column-gap-default\">\n\t\t\t\t\t<div class=\"elementor-column elementor-col-100 elementor-top-column elementor-element elementor-element-d78a4bf\" data-id=\"d78a4bf\" data-element_type=\"column\">\n\t\t\t<div class=\"elementor-widget-wrap elementor-element-populated\">\n\t\t\t\t\t\t\t\t<div class=\"elementor-element elementor-element-179e210 htmove-heading-start elementor-widget elementor-widget-move-heading\" data-id=\"179e210\" data-element_type=\"widget\" data-widget_type=\"move-heading.default\">\n\t\t\t\t<div class=\"elementor-widget-container\">\n\t\t\t<div class=\"htmove-heading htmove-heading-center htmove-sub-heading-pos- htmove-heading-icon-top\"><span class=\"htmove-heading-icon\"><i aria-hidden=\"true\" class=\"far fa-comment\"><\/i><\/span><h2  class=\"htmove-heading-title\">V\u0130ZYONUMUZ<\/h2><p class=\"htmove-heading-desc\">D\u00fcnyadaki de\u011fi\u015fim ve geli\u015fim i\u00e7erisinde etkin rol alacak esnekli\u011fe sahip; otomotiv ana \u00fcretici firmalar\u0131 i\u00e7in rotasyon teknolojisi ile \u00fcretilen t\u00fcm par\u00e7alarda T\u00fcrkiye\u2019de lider, bunun yan\u0131nda yurt d\u0131\u015f\u0131 otomotiv \u015firketlerine yap\u0131lan sat\u0131\u015f, sat\u0131nalma ve dan\u0131\u015fmanl\u0131k hizmetlerinde m\u00fc\u015fteri \u00e7e\u015fitlili\u011fini artt\u0131rarak, sahip oldu\u011fu karl\u0131l\u0131\u011f\u0131 koruyan ve geli\u015ftiren bir \u015firket olmak.<\/p><\/div>\t\t<\/div>\n\t\t\t\t<\/div>\n\t\t\t\t<div class=\"elementor-element elementor-element-9b407cb htmove-heading-start elementor-widget elementor-widget-move-heading\" data-id=\"9b407cb\" data-element_type=\"widget\" data-widget_type=\"move-heading.default\">\n\t\t\t\t<div class=\"elementor-widget-container\">\n\t\t\t<div class=\"htmove-heading htmove-heading-center htmove-sub-heading-pos- htmove-heading-icon-top\"><span class=\"htmove-heading-icon\"><i aria-hidden=\"true\" class=\"far fa-handshake\"><\/i><\/span><h2  class=\"htmove-heading-title\">M\u0130SYONUMUZ<\/h2><p class=\"htmove-heading-desc\">Sahip oldu\u011fumuz ve olaca\u011f\u0131m\u0131z k\u00fclt\u00fcr, bilgi ve maddi birikimi; adil, etik ve s\u00fcrekli olarak ba\u015fta \u00e7al\u0131\u015fanlar\u0131m\u0131z olmak \u00fczere t\u00fcm tedarik\u00e7i ve m\u00fc\u015fterilerimizle payla\u015farak, \u00fcyesi oldu\u011fumuz bu toplulu\u011fun s\u00fcrekli geli\u015fen bi\u00e7imde refah\u0131na ve ya\u015fam kalitesine katk\u0131da bulunmak. <\/p><\/div>\t\t<\/div>\n\t\t\t\t<\/div>\n\t\t\t\t<div class=\"elementor-element elementor-element-5ffd305 htmove-heading-start elementor-widget elementor-widget-move-heading\" data-id=\"5ffd305\" data-element_type=\"widget\" data-widget_type=\"move-heading.default\">\n\t\t\t\t<div class=\"elementor-widget-container\">\n\t\t\t<div class=\"htmove-heading htmove-heading-center htmove-sub-heading-pos- htmove-heading-icon-top\"><span class=\"htmove-heading-icon\"><i aria-hidden=\"true\" class=\"fas fa-apple-alt\"><\/i><\/span><h2  class=\"htmove-heading-title\">\u00c7EVRE POL\u0130T\u0130KAMIZ<\/h2><p class=\"htmove-heading-desc\">Do\u011fal kaynaklar\u0131n t\u00fcketimini azaltan metotlar\u0131 kullanmak, yeniden kullan\u0131m ve geri d\u00f6n\u00fc\u015f operasyonlar\u0131n\u0131n artt\u0131rmak\n \u00c7evreye zarar vermeyen ve geri d\u00f6n\u00fc\u015ft\u00fcr\u00fclebilir malzemelerin kullan\u0131lmas\u0131na y\u00f6nelik tasar\u0131mlar yapmak\n Yaralanmalar\u0131n ve meslek hastal\u0131klar\u0131n\u0131n \u00f6nlenmesi i\u00e7in, i\u015fletme i\u00e7erisinde bulunan herkesin korunmas\u0131 amac\u0131 ile, t\u00fcm yasal mevzuat ve sistematik \u015fartlar\u0131 yerine getirmek\n \u0130\u015f G\u00fcvenli\u011fine ili\u015fkin \u015fartlar\u0131 s\u00fcrekli iyile\u015ftirmek\n Temel Hedef olan \u20180\u2019 i\u015f kazas\u0131 hedefini yakalamak\n T\u00fcm \u00e7evre, sa\u011fl\u0131k, \u00e7al\u0131\u015fma mevzuat\u0131, t\u00fcz\u00fck ve yasalar\u0131n\u0131 yak\u0131ndan izleyerek ba\u011fl\u0131 kalmak,\n Tedarik\u00e7ilerimizi \u00e7evre, i\u015f sa\u011fl\u0131\u011f\u0131 ve i\u015f g\u00fcvenli\u011fine kar\u015f\u0131 sorumlu kurulu\u015flar olmalar\u0131 konusunda te\u015fvik etmek,\n \u00c7evre, \u0130\u015f sa\u011fl\u0131\u011f\u0131 ve g\u00fcvenli\u011fi konular\u0131nda t\u00fcm \u00e7al\u0131\u015fanlar\u0131m\u0131z\u0131 e\u011fiterek bilin\u00e7lendirmek,\n Fabrika s\u0131n\u0131rlar\u0131 i\u00e7erisinde \u00e7al\u0131\u015fan personel, ta\u015feron ve ziyarete gelen t\u00fcm insanlar\u0131n sa\u011fl\u0131k ve g\u00fcvenli\u011fini sa\u011flamak,\n Makine ara\u00e7, cihaz ve malzeme hareketleri gibi \u00fcretime yard\u0131mc\u0131 ara\u00e7lardan kaynaklanan riskleri en aza indirmek,\n \u00c7al\u0131\u015fma ortam\u0131ndan do\u011fan potansiyel tehlikeleri en aza indirmek, sa\u011fl\u0131k aktivitelerini planlamak ve sa\u011fl\u0131kl\u0131 \u00e7al\u0131\u015fma \u015fartlar\u0131 yaratmak,\n \u00c7evre, i\u015f sa\u011fl\u0131\u011f\u0131 ve g\u00fcvenli\u011fi konusundaki uygulamalar\u0131 ve faaliyetleri g\u00f6zden ge\u00e7irmek, s\u00fcrekli iyile\u015ftirmeler planlamak ve devreye almak\n Firma faaliyetinden kaynaklanan, g\u00fcr\u00fclt\u00fc, toprak, hava, su vb. her t\u00fcrl\u00fc kirlili\u011fin \u00f6nlenmesi i\u00e7in \u00f6nlem almak ve s\u00fcreklili\u011fini sa\u011flamak<\/p><\/div>\t\t<\/div>\n\t\t\t\t<\/div>\n\t\t\t\t<div class=\"elementor-element elementor-element-2d6e56f htmove-heading-start elementor-widget elementor-widget-move-heading\" data-id=\"2d6e56f\" data-element_type=\"widget\" data-widget_type=\"move-heading.default\">\n\t\t\t\t<div class=\"elementor-widget-container\">\n\t\t\t<div class=\"htmove-heading htmove-heading-center htmove-sub-heading-pos- htmove-heading-icon-top\"><span class=\"htmove-heading-icon\"><i aria-hidden=\"true\" class=\"fas fa-person-booth\"><\/i><\/span><h2  class=\"htmove-heading-title\">\u0130NSAN KAYNAKLARI<\/h2><p class=\"htmove-heading-desc\">\u0130K Vizyonumuz: Otomotiv servisli\u011finde sekt\u00f6r\u00fcnde en fazla tercih edilen \u015firket olmak.\n\n<\/p><\/div>\t\t<\/div>\n\t\t\t\t<\/div>\n\t\t\t\t<div class=\"elementor-element elementor-element-64ab4a5 htmove-heading-start elementor-widget elementor-widget-move-heading\" data-id=\"64ab4a5\" data-element_type=\"widget\" data-widget_type=\"move-heading.default\">\n\t\t\t\t<div class=\"elementor-widget-container\">\n\t\t\t<div class=\"htmove-heading htmove-heading-center htmove-sub-heading-pos-\"><p class=\"htmove-heading-desc\">\u0130K Misyonumuz: \u0130nsan kaynaklar\u0131 vizyonumuz, \u00e7al\u0131\u015fanlar\u0131m\u0131z\u0131n memnuniyetini sa\u011flamak ve i\u015f s\u00fcre\u00e7lerimizi m\u00fckemmelle\u015ftirmek i\u00e7in  adil ve t\u00fcm payda\u015flar\u0131m\u0131za katma de\u011fer yaratan \u0130K sistemleri geli\u015ftirmek ve bunlar\u0131 uygulamakt\u0131r.<\/p><\/div>\t\t<\/div>\n\t\t\t\t<\/div>\n\t\t\t\t<div class=\"elementor-element elementor-element-8db267d htmove-heading-start elementor-widget elementor-widget-move-heading\" data-id=\"8db267d\" data-element_type=\"widget\" data-widget_type=\"move-heading.default\">\n\t\t\t\t<div class=\"elementor-widget-container\">\n\t\t\t<div class=\"htmove-heading htmove-heading-center htmove-sub-heading-pos-\"><p class=\"htmove-heading-desc\">\u0130K Politikam\u0131z: \u0130nsan Kaynaklar\u0131 politikam\u0131z, \u00e7al\u0131\u015fanlar\u0131m\u0131z\u0131n memnuniyetini art\u0131rmak, geli\u015fimlerini s\u00fcrekli k\u0131lmak ve i\u015f s\u00fcre\u00e7lerimizi m\u00fckemmelle\u015ftirmek \u00fczere, s\u00fcre\u00e7lerde \u015feffafl\u0131k, \u00e7al\u0131\u015fanlara adil yakla\u015f\u0131m, insan odakl\u0131 y\u00f6netim, t\u00fcm payda\u015flar\u0131m\u0131za katma de\u011fer yaratan insan kaynaklar\u0131 sistemleri geli\u015ftirmek ve uygulamakt\u0131r.<\/p><\/div>\t\t<\/div>\n\t\t\t\t<\/div>\n\t\t\t\t<div class=\"elementor-element elementor-element-9730cba htmove-heading-start elementor-widget elementor-widget-move-heading\" data-id=\"9730cba\" data-element_type=\"widget\" data-widget_type=\"move-heading.default\">\n\t\t\t\t<div class=\"elementor-widget-container\">\n\t\t\t<div class=\"htmove-heading htmove-heading-center htmove-sub-heading-pos-\"><p class=\"htmove-heading-desc\">Performans Y\u00f6netimi: \u00c7al\u0131\u015fanlar\u0131m\u0131z\u0131n t\u00fcm\u00fc, Performans Y\u00f6netim Sistemi\u2019ne dahildir.\u00c7al\u0131\u015fanlar\u0131m\u0131z\u0131n i\u015flerinde ya\u015fad\u0131klar\u0131 tatmin, m\u00fc\u015fterilerimize her birimimiz ve kadememizde sundu\u011fumuz kaliteli, verimli ve g\u00fcler y\u00fczl\u00fc hizmetimizin de kayna\u011f\u0131n\u0131 olu\u015fturuyor.<\/p><\/div>\t\t<\/div>\n\t\t\t\t<\/div>\n\t\t\t\t\t<\/div>\n\t\t<\/div>\n\t\t\t\t\t\t\t<\/div>\n\t\t<\/section>\n\t\t\t\t\t\t\t<\/div>\n\t\t","protected":false},"excerpt":{"rendered":"<p>HAKKIMIZDA 1985 Y\u0131l\u0131nda sadece mekanik k\u0131s\u0131m hizmetleri ile Y\u0131lmazlar Otomotiv olarak kurulan firmam\u0131z daha sonra kaporta boya hizmeti vermeye ba\u015flam\u0131\u015ft\u0131r. G\u00fcnden g\u00fcne verdi\u011fi hizmetler ve faaliyetleri i\u00e7in bulundu\u011fu alan yetersiz hale gelen firmam\u0131z sanayi d\u0131\u015f\u0131nda daha b\u00fcy\u00fck bir binaya ta\u015f\u0131nmaya karar vermi\u015ftir. 2008 Y\u0131l\u0131nda \u00c7evre ve \u015eehircilik Bakanl\u0131\u011f\u0131 ile anla\u015fma yapan firmam\u0131z egzoz testi hizmetini [&hellip;]<\/p>\n","protected":false},"author":1,"featured_media":0,"parent":0,"menu_order":0,"comment_status":"closed","ping_status":"closed","template":"elementor_header_footer","meta":[],"_links":{"self":[{"href":"http:\/\/ylzotomotiv.com\/index.php?rest_route=\/wp\/v2\/pages\/32"}],"collection":[{"href":"http:\/\/ylzotomotiv.com\/index.php?rest_route=\/wp\/v2\/pages"}],"about":[{"href":"http:\/\/ylzotomotiv.com\/index.php?rest_route=\/wp\/v2\/types\/page"}],"author":[{"embeddable":true,"href":"http:\/\/ylzotomotiv.com\/index.php?rest_route=\/wp\/v2\/users\/1"}],"replies":[{"embeddable":true,"href":"http:\/\/ylzotomotiv.com\/index.php?rest_route=%2Fwp%2Fv2%2Fcomments&post=32"}],"version-history":[{"count":23,"href":"http:\/\/ylzotomotiv.com\/index.php?rest_route=\/wp\/v2\/pages\/32\/revisions"}],"predecessor-version":[{"id":355,"href":"http:\/\/ylzotomotiv.com\/index.php?rest_route=\/wp\/v2\/pages\/32\/revisions\/355"}],"wp:attachment":[{"href":"http:\/\/ylzotomotiv.com\/index.php?rest_route=%2Fwp%2Fv2%2Fmedia&parent=32"}],"curies":[{"name":"wp","href":"https:\/\/api.w.org\/{rel}","templated":true}]}}