{"id":34,"date":"2021-02-14T12:03:34","date_gmt":"2021-02-14T12:03:34","guid":{"rendered":"https:\/\/themes.hasthemes.com\/mexi\/?page_id=34"},"modified":"2025-12-04T14:58:44","modified_gmt":"2025-12-04T14:58:44","slug":"contact","status":"publish","type":"page","link":"http:\/\/ylzotomotiv.com\/?page_id=34","title":{"rendered":"\u0130leti\u015fim"},"content":{"rendered":"\t\t<div data-elementor-type=\"wp-page\" data-elementor-id=\"34\" class=\"elementor elementor-34\">\n\t\t\t\t\t\t\t\t\t<section class=\"elementor-section elementor-top-section elementor-element elementor-element-2554f7e8 elementor-section-full_width elementor-section-height-default elementor-section-height-default\" data-id=\"2554f7e8\" data-element_type=\"section\">\n\t\t\t\t\t\t<div class=\"elementor-container elementor-column-gap-no\">\n\t\t\t\t\t<div class=\"elementor-column elementor-col-100 elementor-top-column elementor-element elementor-element-73c41c7f\" data-id=\"73c41c7f\" data-element_type=\"column\">\n\t\t\t<div class=\"elementor-widget-wrap elementor-element-populated\">\n\t\t\t\t\t\t\t\t<div class=\"elementor-element elementor-element-523ee8b1 elementor-widget elementor-widget-google_maps\" data-id=\"523ee8b1\" data-element_type=\"widget\" data-widget_type=\"google_maps.default\">\n\t\t\t\t<div class=\"elementor-widget-container\">\n\t\t\t<style>\/*! elementor - v3.17.0 - 08-11-2023 *\/\n.elementor-widget-google_maps .elementor-widget-container{overflow:hidden}.elementor-widget-google_maps .elementor-custom-embed{line-height:0}.elementor-widget-google_maps iframe{height:300px}<\/style>\t\t<div class=\"elementor-custom-embed\">\n\t\t\t<iframe loading=\"lazy\"\n\t\t\t\t\tsrc=\"https:\/\/maps.google.com\/maps?q=Ata%2C%20Y.L.Z%20Otomotiv%2C%20Gemlik%20K%C3%BC%C3%A7%C3%BCk%20Sanayi%20Sitesi%2C%20Gemlik%2FBursa&#038;t=m&#038;z=14&#038;output=embed&#038;iwloc=near\"\n\t\t\t\t\ttitle=\"Ata, Y.L.Z Otomotiv, Gemlik K\u00fc\u00e7\u00fck Sanayi Sitesi, Gemlik\/Bursa\"\n\t\t\t\t\taria-label=\"Ata, Y.L.Z Otomotiv, Gemlik K\u00fc\u00e7\u00fck Sanayi Sitesi, Gemlik\/Bursa\"\n\t\t\t><\/iframe>\n\t\t<\/div>\n\t\t\t\t<\/div>\n\t\t\t\t<\/div>\n\t\t\t\t\t<\/div>\n\t\t<\/div>\n\t\t\t\t\t\t\t<\/div>\n\t\t<\/section>\n\t\t\t\t<section class=\"elementor-section elementor-top-section elementor-element elementor-element-35d4f84a elementor-section-boxed elementor-section-height-default elementor-section-height-default\" data-id=\"35d4f84a\" data-element_type=\"section\" data-settings=\"{&quot;background_background&quot;:&quot;classic&quot;}\">\n\t\t\t\t\t\t<div class=\"elementor-container elementor-column-gap-default\">\n\t\t\t\t\t<div class=\"elementor-column elementor-col-100 elementor-top-column elementor-element elementor-element-1786fd62\" data-id=\"1786fd62\" data-element_type=\"column\">\n\t\t\t<div class=\"elementor-widget-wrap\">\n\t\t\t\t\t\t\t\t\t<\/div>\n\t\t<\/div>\n\t\t\t\t\t\t\t<\/div>\n\t\t<\/section>\n\t\t\t\t<section class=\"elementor-section elementor-top-section elementor-element elementor-element-ff67f64 elementor-section-boxed elementor-section-height-default elementor-section-height-default\" data-id=\"ff67f64\" data-element_type=\"section\" data-settings=\"{&quot;background_background&quot;:&quot;classic&quot;}\">\n\t\t\t\t\t\t<div class=\"elementor-container elementor-column-gap-default\">\n\t\t\t\t\t<div class=\"elementor-column elementor-col-100 elementor-top-column elementor-element elementor-element-1c4a08fd\" data-id=\"1c4a08fd\" data-element_type=\"column\" data-settings=\"{&quot;background_background&quot;:&quot;gradient&quot;}\">\n\t\t\t<div class=\"elementor-widget-wrap elementor-element-populated\">\n\t\t\t\t\t\t\t\t<section class=\"elementor-section elementor-inner-section elementor-element elementor-element-66821d25 elementor-section-boxed elementor-section-height-default elementor-section-height-default\" data-id=\"66821d25\" data-element_type=\"section\">\n\t\t\t\t\t\t<div class=\"elementor-container elementor-column-gap-default\">\n\t\t\t\t\t<div class=\"elementor-column elementor-col-33 elementor-inner-column elementor-element elementor-element-5b9366a8\" data-id=\"5b9366a8\" data-element_type=\"column\">\n\t\t\t<div class=\"elementor-widget-wrap elementor-element-populated\">\n\t\t\t\t\t\t\t\t<div class=\"elementor-element elementor-element-18d78ba7 htmove-heading-start elementor-widget elementor-widget-move-doul-color-heading\" data-id=\"18d78ba7\" data-element_type=\"widget\" data-settings=\"{&quot;_animation&quot;:&quot;none&quot;}\" data-widget_type=\"move-doul-color-heading.default\">\n\t\t\t\t<div class=\"elementor-widget-container\">\n\t\t\t<div class=\"htmove-heading htmove-heading-center htmove-sub-heading-pos-\"><h2  class=\"htmove-heading-title\">Gemlik <span class=\"htmove-heighlight-txt\">Bursa<\/span><\/h2><p class=\"htmove-heading-desc\">ATA MAH. 196 NOLU SOK. NO:2\/1 <\/p><\/div>\t\t<\/div>\n\t\t\t\t<\/div>\n\t\t\t\t<div class=\"elementor-element elementor-element-7addd8bc animated-slow htmove-heading-center elementor-invisible elementor-widget elementor-widget-move-doul-color-heading\" data-id=\"7addd8bc\" data-element_type=\"widget\" data-settings=\"{&quot;_animation&quot;:&quot;fadeIn&quot;}\" data-widget_type=\"move-doul-color-heading.default\">\n\t\t\t\t<div class=\"elementor-widget-container\">\n\t\t\t<div class=\"htmove-heading htmove-heading-center htmove-sub-heading-pos-\"><h2  class=\"htmove-heading-title\">Email: <span class=\"htmove-heighlight-txt\">bilgi@ylzotomotiv.com<\/span><\/h2><\/div>\t\t<\/div>\n\t\t\t\t<\/div>\n\t\t\t\t\t<\/div>\n\t\t<\/div>\n\t\t\t\t<div class=\"elementor-column elementor-col-33 elementor-inner-column elementor-element elementor-element-756e0db\" data-id=\"756e0db\" data-element_type=\"column\">\n\t\t\t<div class=\"elementor-widget-wrap\">\n\t\t\t\t\t\t\t\t\t<\/div>\n\t\t<\/div>\n\t\t\t\t<div class=\"elementor-column elementor-col-33 elementor-inner-column elementor-element elementor-element-6d8cecd0\" data-id=\"6d8cecd0\" data-element_type=\"column\">\n\t\t\t<div class=\"elementor-widget-wrap elementor-element-populated\">\n\t\t\t\t\t\t\t\t<div class=\"elementor-element elementor-element-530d0834 animated-slow htmove-heading-start elementor-invisible elementor-widget elementor-widget-move-doul-color-heading\" data-id=\"530d0834\" data-element_type=\"widget\" data-settings=\"{&quot;_animation&quot;:&quot;fadeIn&quot;}\" data-widget_type=\"move-doul-color-heading.default\">\n\t\t\t\t<div class=\"elementor-widget-container\">\n\t\t\t<div class=\"htmove-heading htmove-heading-center htmove-sub-heading-pos-top\"><span  class=\"htmove-heading-sub-title\">Telefon:<\/span><h2  class=\"htmove-heading-title\">0224 524 89 21\n0533 203 22 06\n0533 553  21 18 <\/h2><\/div>\t\t<\/div>\n\t\t\t\t<\/div>\n\t\t\t\t\t<\/div>\n\t\t<\/div>\n\t\t\t\t\t\t\t<\/div>\n\t\t<\/section>\n\t\t\t\t\t<\/div>\n\t\t<\/div>\n\t\t\t\t\t\t\t<\/div>\n\t\t<\/section>\n\t\t<div class=\"elementor-element elementor-element-a69140d e-flex e-con-boxed e-con e-parent\" data-id=\"a69140d\" data-element_type=\"container\" data-settings=\"{&quot;content_width&quot;:&quot;boxed&quot;}\" data-core-v316-plus=\"true\">\n\t\t\t\t\t<div class=\"e-con-inner\">\n\t\t\t\t\t<\/div>\n\t\t\t\t<\/div>\n\t\t\t\t\t\t\t<\/div>\n\t\t","protected":false},"excerpt":{"rendered":"<p>Gemlik Bursa ATA MAH. 196 NOLU SOK. NO:2\/1 Email: bilgi@ylzotomotiv.com Telefon: 0224 524 89 21 0533 203 22 06 0533 553 21 18<\/p>\n","protected":false},"author":1,"featured_media":0,"parent":0,"menu_order":0,"comment_status":"closed","ping_status":"closed","template":"elementor_header_footer","meta":[],"_links":{"self":[{"href":"http:\/\/ylzotomotiv.com\/index.php?rest_route=\/wp\/v2\/pages\/34"}],"collection":[{"href":"http:\/\/ylzotomotiv.com\/index.php?rest_route=\/wp\/v2\/pages"}],"about":[{"href":"http:\/\/ylzotomotiv.com\/index.php?rest_route=\/wp\/v2\/types\/page"}],"author":[{"embeddable":true,"href":"http:\/\/ylzotomotiv.com\/index.php?rest_route=\/wp\/v2\/users\/1"}],"replies":[{"embeddable":true,"href":"http:\/\/ylzotomotiv.com\/index.php?rest_route=%2Fwp%2Fv2%2Fcomments&post=34"}],"version-history":[{"count":14,"href":"http:\/\/ylzotomotiv.com\/index.php?rest_route=\/wp\/v2\/pages\/34\/revisions"}],"predecessor-version":[{"id":363,"href":"http:\/\/ylzotomotiv.com\/index.php?rest_route=\/wp\/v2\/pages\/34\/revisions\/363"}],"wp:attachment":[{"href":"http:\/\/ylzotomotiv.com\/index.php?rest_route=%2Fwp%2Fv2%2Fmedia&parent=34"}],"curies":[{"name":"wp","href":"https:\/\/api.w.org\/{rel}","templated":true}]}}